{"id":39,"date":"2018-11-12T14:21:27","date_gmt":"2018-11-12T13:21:27","guid":{"rendered":"http:\/\/sondagsjam.dk\/?page_id=39"},"modified":"2018-11-12T14:21:27","modified_gmt":"2018-11-12T13:21:27","slug":"kontakt","status":"publish","type":"page","link":"https:\/\/orpro.dk\/index.php\/kontakt\/","title":{"rendered":"Kontakt"},"content":{"rendered":"<p>Styregruppen bag S\u00f8ndagsJam kan kontaktes p\u00e5:<\/p>\n<p>Sondagsjam@gmail.com<\/p>\n<p>&nbsp;<\/p>\n<p>\u00d8nsker du at blive adviseret om datoer for kommende arrangementer mm kan du tilmelde dig vores Nyhedsmail.<\/p>\n<p>&nbsp;<\/p>\n","protected":false},"excerpt":{"rendered":"<p>Styregruppen bag S\u00f8ndagsJam kan kontaktes p\u00e5: Sondagsjam@gmail.com &nbsp; \u00d8nsker du at blive adviseret om datoer for kommende arrangementer mm kan du tilmelde dig vores Nyhedsmail. &nbsp;<\/p>\n","protected":false},"author":1,"featured_media":0,"parent":0,"menu_order":7,"comment_status":"closed","ping_status":"closed","template":"","meta":{"footnotes":""},"class_list":["post-39","page","type-page","status-publish","hentry"],"_links":{"self":[{"href":"https:\/\/orpro.dk\/index.php\/wp-json\/wp\/v2\/pages\/39","targetHints":{"allow":["GET"]}}],"collection":[{"href":"https:\/\/orpro.dk\/index.php\/wp-json\/wp\/v2\/pages"}],"about":[{"href":"https:\/\/orpro.dk\/index.php\/wp-json\/wp\/v2\/types\/page"}],"author":[{"embeddable":true,"href":"https:\/\/orpro.dk\/index.php\/wp-json\/wp\/v2\/users\/1"}],"replies":[{"embeddable":true,"href":"https:\/\/orpro.dk\/index.php\/wp-json\/wp\/v2\/comments?post=39"}],"version-history":[{"count":0,"href":"https:\/\/orpro.dk\/index.php\/wp-json\/wp\/v2\/pages\/39\/revisions"}],"wp:attachment":[{"href":"https:\/\/orpro.dk\/index.php\/wp-json\/wp\/v2\/media?parent=39"}],"curies":[{"name":"wp","href":"https:\/\/api.w.org\/{rel}","templated":true}]}}