{"id":37,"date":"2018-11-12T14:19:59","date_gmt":"2018-11-12T13:19:59","guid":{"rendered":"http:\/\/sondagsjam.dk\/?page_id=37"},"modified":"2018-11-12T14:19:59","modified_gmt":"2018-11-12T13:19:59","slug":"sj-i-din-by","status":"publish","type":"page","link":"https:\/\/orpro.dk\/index.php\/sj-i-din-by\/","title":{"rendered":"S\u00f8ndagsJam i din by"},"content":{"rendered":"<p>Hvis du er interesseret i at kopiere konceptet S\u00f8ndagsJam, og f\u00e5 S\u00f8ndagsJam til dit eget lokal omr\u00e5de og med eget faneblad p\u00e5 denne hjemmeside, s\u00e5 er vi meget \u00e5bne overfor et samarbejde omkring dette.<\/p>\n<p>Vi ser helst, at du\/I har deltaget i mindst en anden S\u00f8ndagJam, og som udgangspunkt f\u00f8lger de rutiner og arbejdsgange, vi har udviklet og beskrevet her p\u00e5 hjemmesiden. &nbsp;Lokale variationer kan selvf\u00f8lgelig aftales&nbsp;<\/p>\n<p>Kontakt os p\u00e5 sondagsjam@gmail.com, s\u00e5 hj\u00e6lper vi jer gerne med r\u00e5d og vejledning, om hvordan vi f\u00e5r S\u00f8ndagsJam til dit lokal omr\u00e5de.<\/p>\n\n\n<h2 class=\"wp-block-heading\"><\/h2>\n","protected":false},"excerpt":{"rendered":"<p>Hvis du er interesseret i at kopiere konceptet S\u00f8ndagsJam, og f\u00e5 S\u00f8ndagsJam til dit eget lokal omr\u00e5de og med eget faneblad p\u00e5 denne hjemmeside, s\u00e5 er vi meget \u00e5bne overfor et samarbejde omkring dette. Vi ser helst, at du\/I har deltaget i mindst en anden S\u00f8ndagJam, og som udgangspunkt f\u00f8lger de rutiner og arbejdsgange, vi [&hellip;]<\/p>\n","protected":false},"author":1,"featured_media":0,"parent":0,"menu_order":6,"comment_status":"closed","ping_status":"closed","template":"","meta":{"footnotes":""},"class_list":["post-37","page","type-page","status-publish","hentry"],"_links":{"self":[{"href":"https:\/\/orpro.dk\/index.php\/wp-json\/wp\/v2\/pages\/37","targetHints":{"allow":["GET"]}}],"collection":[{"href":"https:\/\/orpro.dk\/index.php\/wp-json\/wp\/v2\/pages"}],"about":[{"href":"https:\/\/orpro.dk\/index.php\/wp-json\/wp\/v2\/types\/page"}],"author":[{"embeddable":true,"href":"https:\/\/orpro.dk\/index.php\/wp-json\/wp\/v2\/users\/1"}],"replies":[{"embeddable":true,"href":"https:\/\/orpro.dk\/index.php\/wp-json\/wp\/v2\/comments?post=37"}],"version-history":[{"count":0,"href":"https:\/\/orpro.dk\/index.php\/wp-json\/wp\/v2\/pages\/37\/revisions"}],"wp:attachment":[{"href":"https:\/\/orpro.dk\/index.php\/wp-json\/wp\/v2\/media?parent=37"}],"curies":[{"name":"wp","href":"https:\/\/api.w.org\/{rel}","templated":true}]}}