{"id":34,"date":"2018-11-12T14:19:20","date_gmt":"2018-11-12T13:19:20","guid":{"rendered":"http:\/\/sondagsjam.dk\/?page_id=34"},"modified":"2018-11-12T14:19:20","modified_gmt":"2018-11-12T13:19:20","slug":"klaverfabrikken","status":"publish","type":"page","link":"https:\/\/orpro.dk\/index.php\/klaverfabrikken\/","title":{"rendered":"Klaverfabrikken \/ Hiller\u00f8d"},"content":{"rendered":"<p>Klaverfabrikken er Hiller\u00f8ds Kulturhus og Regionale spillested, hvor der foreg\u00e5r mange forskellige kulturelle ting. Herunder, koncerter, drama, systue, \u00f8velokaler og meget andet prim\u00e6rt arrangeret af en masse frivillige assisteret af en lille fast stab.<\/p>\n<p>N\u00e5 der er S\u00f8ndagsJam p\u00e5 Klaverfabrikken, er vi s\u00e5 priviligerede at r\u00e5de over f\u00f8lgende 4 steder, hvor grupperne kan \u00f8ve:<\/p>\n<p>1) Dramalokalet, som er et stort h\u00f8jloftet lokale med god akustik, indeholder ud over diverse drama rekvisitter et PA anl\u00e6g med tilh\u00f8rende mikrofoner og mikrofonstativer.<\/p>\n<p>2) Buddas Jazz Club, et hyggeligt lille lokale til intim koncerter med en lille scene og et almindeligt PA anl\u00e6g med tilh\u00f8rende mikrofoner og mikrofonstativer.<\/p>\n<p>3) \u00d8vebox 1, som er Klaverfabrikkens ene faste \u00f8vecontainer, fuldt indrettet med klimanl\u00e6g, lydd\u00e6mpning, PA anl\u00e6g, mikrofoner og stativer, trommes\u00e6t, bas og bas forst\u00e6rker, div kabler og 2 guitarer dog uden forst\u00e6rkere da de i dagens anledning er flyttet til den store scene i Truckhallen.<\/p>\n<p>4)&nbsp;\u00d8vebox 2, som er Klaverfabrikkens anden faste \u00f8vecontainere fuldt indrettet med klimanl\u00e6g, lydd\u00e6mpning, PA anl\u00e6g, mikrofoner ogstativer, trommes\u00e6t, bas og bas forst\u00e6rker, div kabler&nbsp;og 2 guitarer dog uden forst\u00e6rkere da de i dagens anledning er flyttet til den store scene i Truckhallen.<\/p>\n<p>Derudover har vi adgang til Truck hallen med den store scene hvor aftens koncert skal foreg\u00e5.&nbsp;P\u00e5 den store scene vil Klaverfabrikkens 5 guitarforst\u00e6rkere, bas forst\u00e6rker samt trommes\u00e6t komme til at st\u00e5 klar. Alle vil v\u00e6re micked up p\u00e5 forh\u00e5nd og man skal derfor kun medbringe sit personlige instrument inkl pedaler til lydpr\u00f8ven og aftenens koncert.<\/p>\n<p>BEM\u00c6RK Der vil IKKE&nbsp;v\u00e6re mulighed for at spille p\u00e5 sin egen forst\u00e6rker til lydpr\u00f8ve og koncert. Til geng\u00e6ld er der 5 forskellige guitarforst\u00e6rkere i god kvalitet og g\u00e6nse m\u00e6rker at v\u00e6lge imellem for de op til 3 guitarister per gruppe. Trommeslagere kan evt benytte egne b\u00e6kner og lilletromme. Der vil v\u00e6re mikrofoner til alle p\u00e5 scenen men man kan ogs\u00e5 f\u00e5 lov til at benytte sin personlige mikrofon.<\/p>\n<p>Til aftens koncert, og lydpr\u00f8ven inden, er der en proffesionel lydmand p\u00e5.&nbsp;<\/p>\n<p>&nbsp;<\/p>\n","protected":false},"excerpt":{"rendered":"<p>Klaverfabrikken er Hiller\u00f8ds Kulturhus og Regionale spillested, hvor der foreg\u00e5r mange forskellige kulturelle ting. Herunder, koncerter, drama, systue, \u00f8velokaler og meget andet prim\u00e6rt arrangeret af en masse frivillige assisteret af en lille fast stab. N\u00e5 der er S\u00f8ndagsJam p\u00e5 Klaverfabrikken, er vi s\u00e5 priviligerede at r\u00e5de over f\u00f8lgende 4 steder, hvor grupperne kan \u00f8ve: 1) [&hellip;]<\/p>\n","protected":false},"author":1,"featured_media":122,"parent":0,"menu_order":3,"comment_status":"closed","ping_status":"closed","template":"","meta":{"footnotes":""},"class_list":["post-34","page","type-page","status-publish","has-post-thumbnail","hentry"],"_links":{"self":[{"href":"https:\/\/orpro.dk\/index.php\/wp-json\/wp\/v2\/pages\/34","targetHints":{"allow":["GET"]}}],"collection":[{"href":"https:\/\/orpro.dk\/index.php\/wp-json\/wp\/v2\/pages"}],"about":[{"href":"https:\/\/orpro.dk\/index.php\/wp-json\/wp\/v2\/types\/page"}],"author":[{"embeddable":true,"href":"https:\/\/orpro.dk\/index.php\/wp-json\/wp\/v2\/users\/1"}],"replies":[{"embeddable":true,"href":"https:\/\/orpro.dk\/index.php\/wp-json\/wp\/v2\/comments?post=34"}],"version-history":[{"count":0,"href":"https:\/\/orpro.dk\/index.php\/wp-json\/wp\/v2\/pages\/34\/revisions"}],"wp:featuredmedia":[{"embeddable":true,"href":"https:\/\/orpro.dk\/index.php\/wp-json\/"}],"wp:attachment":[{"href":"https:\/\/orpro.dk\/index.php\/wp-json\/wp\/v2\/media?parent=34"}],"curies":[{"name":"wp","href":"https:\/\/api.w.org\/{rel}","templated":true}]}}