{"id":29,"date":"2018-11-12T13:51:04","date_gmt":"2018-11-12T12:51:04","guid":{"rendered":"http:\/\/sondagsjam.dk\/?page_id=29"},"modified":"2018-11-12T13:51:04","modified_gmt":"2018-11-12T12:51:04","slug":"forside","status":"publish","type":"page","link":"https:\/\/orpro.dk\/index.php\/forside\/","title":{"rendered":"Forside"},"content":{"rendered":"<p><strong>Som at spille i band &#8211; bare kogt ned p\u00e5 en dag!<\/strong><\/p>\n<p>Form\u00e5let med S\u00f8ndagsJam er at skabe og fremme et musikalsk milj\u00f8 og netv\u00e6rk blandt lokale &nbsp;amat\u00f8rmusikkere. Det opn\u00e5s&nbsp;ved at give amat\u00f8rmusikere en mulighed for at l\u00e6re ligesindede at kende, ved at spille sammen med andre p\u00e5 kryds og tv\u00e6rs af alder, erfaring, evner og musik genrer.<\/p>\n<p>S\u00f8ndagsJam drives af frivillige ul\u00f8nnede amat\u00f8rmusikere, der ofte selv deltager i S\u00f8ndagsJam. Konceptet er udviklet for at opfylde et behov om at v\u00e6re en del af et musikalsk netv\u00e6rk og milj\u00f8. Det er p\u00e5 alle m\u00e5der lykkedes, hvilket tydeligt fremg\u00e5r, n\u00e5r man ser og oplever gensynsgl\u00e6den hos gengangerne, n\u00e5r de&nbsp; m\u00f8des igen til S\u00f8ndagsJam.<\/p>\n\n\n<figure class=\"wp-block-image\"><img decoding=\"async\" src=\"https:\/\/sondagsjam.dk\/wp-content\/uploads\/2019\/04\/2019-04-07_13982_ChrF-1-1024x815.jpg\" alt=\"\" class=\"wp-image-926\"\/><figcaption>Afsluttende koncert 7. april 2019<\/figcaption><\/figure>\n","protected":false},"excerpt":{"rendered":"<p>Som at spille i band &#8211; bare kogt ned p\u00e5 en dag! Form\u00e5let med S\u00f8ndagsJam er at skabe og fremme et musikalsk milj\u00f8 og netv\u00e6rk blandt lokale &nbsp;amat\u00f8rmusikkere. Det opn\u00e5s&nbsp;ved at give amat\u00f8rmusikere en mulighed for at l\u00e6re ligesindede at kende, ved at spille sammen med andre p\u00e5 kryds og tv\u00e6rs af alder, erfaring, evner [&hellip;]<\/p>\n","protected":false},"author":1,"featured_media":0,"parent":0,"menu_order":0,"comment_status":"closed","ping_status":"closed","template":"","meta":{"footnotes":""},"class_list":["post-29","page","type-page","status-publish","hentry"],"_links":{"self":[{"href":"https:\/\/orpro.dk\/index.php\/wp-json\/wp\/v2\/pages\/29","targetHints":{"allow":["GET"]}}],"collection":[{"href":"https:\/\/orpro.dk\/index.php\/wp-json\/wp\/v2\/pages"}],"about":[{"href":"https:\/\/orpro.dk\/index.php\/wp-json\/wp\/v2\/types\/page"}],"author":[{"embeddable":true,"href":"https:\/\/orpro.dk\/index.php\/wp-json\/wp\/v2\/users\/1"}],"replies":[{"embeddable":true,"href":"https:\/\/orpro.dk\/index.php\/wp-json\/wp\/v2\/comments?post=29"}],"version-history":[{"count":0,"href":"https:\/\/orpro.dk\/index.php\/wp-json\/wp\/v2\/pages\/29\/revisions"}],"wp:attachment":[{"href":"https:\/\/orpro.dk\/index.php\/wp-json\/wp\/v2\/media?parent=29"}],"curies":[{"name":"wp","href":"https:\/\/api.w.org\/{rel}","templated":true}]}}