{"id":23,"date":"2018-11-12T13:47:08","date_gmt":"2018-11-12T12:47:08","guid":{"rendered":"http:\/\/sondagsjam.dk\/?page_id=23"},"modified":"2018-11-12T13:47:08","modified_gmt":"2018-11-12T12:47:08","slug":"koordinatorens-rolle","status":"publish","type":"page","link":"https:\/\/orpro.dk\/index.php\/konceptet\/koordinatorens-rolle\/","title":{"rendered":"Koordinatorens rolle"},"content":{"rendered":"<p>Styregruppen v\u00e6lger blandt gruppens deltagere \u201den frivillig\u201d til at have rollen som koordinator.<br \/>\nOpgaver for koordinatoren er:<\/p>\n<p>1. Fungere som bindeled til styregruppen for S\u00f8ndagsJam<\/p>\n<p>2. Sikre at alle i gruppen har f\u00e5et lagt maksimalt 2 forslag til numre ind i puljen for gruppen<\/p>\n<p>3. Har retten til at sk\u00e6re igennem, hvis der bliver stor uenighed i valg af numre.<\/p>\n<p>4. Sikre at de 4 \u2013 5 numre med flest stemmer bliver meldt ud til de andre deltagere i gruppen<\/p>\n<p>5. At endelige tonearter er afklaret med vokalerne senest 3 dage efter endeligt valg af numre<\/p>\n<p>6. Emaile valg af numre, tekst og akkorder til banddoktorerne p\u00e5 sondagsjam@gmail.com senest 1 uge efter at numrene er valgt.<\/p>\n<p>7. P\u00e5 selve dagen holde lidt justits: at gruppen overholder tidsaftaler for sidste pr\u00f8ve, f\u00e5r lavet tildelte&nbsp;opgaver etc. s\u00e5 dagen kan forl\u00f8be bedst muligt.<\/p>\n<p>&nbsp;<\/p>\n<p>Opgaven lyder m\u00e5ske af mere end det egentlig er. Det basale er, at der med fordel er en&nbsp;person\/moderator, som har retten til at tr\u00e6de ind ved uenighed eller forsinkelse. Vi har endnu ikke&nbsp;oplevet, at der er det store arbejde i rollen. Alle deltagere plejer at v\u00e6re engagerede og im\u00f8dekommende i hele processen.<\/p>\n","protected":false},"excerpt":{"rendered":"<p>Styregruppen v\u00e6lger blandt gruppens deltagere \u201den frivillig\u201d til at have rollen som koordinator. Opgaver for koordinatoren er: 1. Fungere som bindeled til styregruppen for S\u00f8ndagsJam 2. Sikre at alle i gruppen har f\u00e5et lagt maksimalt 2 forslag til numre ind i puljen for gruppen 3. Har retten til at sk\u00e6re igennem, hvis der bliver stor [&hellip;]<\/p>\n","protected":false},"author":1,"featured_media":0,"parent":11,"menu_order":6,"comment_status":"closed","ping_status":"closed","template":"","meta":{"footnotes":""},"class_list":["post-23","page","type-page","status-publish","hentry"],"_links":{"self":[{"href":"https:\/\/orpro.dk\/index.php\/wp-json\/wp\/v2\/pages\/23","targetHints":{"allow":["GET"]}}],"collection":[{"href":"https:\/\/orpro.dk\/index.php\/wp-json\/wp\/v2\/pages"}],"about":[{"href":"https:\/\/orpro.dk\/index.php\/wp-json\/wp\/v2\/types\/page"}],"author":[{"embeddable":true,"href":"https:\/\/orpro.dk\/index.php\/wp-json\/wp\/v2\/users\/1"}],"replies":[{"embeddable":true,"href":"https:\/\/orpro.dk\/index.php\/wp-json\/wp\/v2\/comments?post=23"}],"version-history":[{"count":0,"href":"https:\/\/orpro.dk\/index.php\/wp-json\/wp\/v2\/pages\/23\/revisions"}],"up":[{"embeddable":true,"href":"https:\/\/orpro.dk\/index.php\/wp-json\/wp\/v2\/pages\/11"}],"wp:attachment":[{"href":"https:\/\/orpro.dk\/index.php\/wp-json\/wp\/v2\/media?parent=23"}],"curies":[{"name":"wp","href":"https:\/\/api.w.org\/{rel}","templated":true}]}}