{"id":21,"date":"2018-11-12T13:46:50","date_gmt":"2018-11-12T12:46:50","guid":{"rendered":"http:\/\/sondagsjam.dk\/?page_id=21"},"modified":"2018-11-12T13:46:50","modified_gmt":"2018-11-12T12:46:50","slug":"vejledning-til-tilmelding","status":"publish","type":"page","link":"https:\/\/orpro.dk\/index.php\/konceptet\/vejledning-til-tilmelding\/","title":{"rendered":"Vejledning til tilmelding"},"content":{"rendered":"<p>Hver gruppe kommer til at best\u00e5 af 1 trommeslager, 1 bassist, mindst 1 og max 2 lead vokaler (der synger 1-2 sange hver), mindst 1 og max 3 guitarister, max 1 keyboard, x antal korsangere\/bl\u00e6sere\/perkussions.<br \/>\nEr der ikke flere ledige pladser p\u00e5 ens instrument, kan man tilmelde sig&nbsp;&nbsp;ventelisten, og vil s\u00e5 blive kontaktet direkte, hvis der kommer et afbud.<\/p>\n<p>N\u00e5r man har trykket p\u00e5 &#8220;Tilmeld&#8221;, bliver man bedt om at klassificere sine evner p\u00e5 sit instrument samt sin samspilserfaring. Dette bruges udelukkende til at fordele kompetencerne ligeligt, n\u00e5r de 4 grupper dannes.<\/p>\n<p>I notefeltet m\u00e5 man ogs\u00e5 meget gerne skrive lidt om sin musikalske baggrund, samt hvilke af genrene Pop, Rock, Blues og Soul\/Funk man helst vil eller ikke vil spille.<br \/>\nVed dannelse af grupperne vil vi s\u00e5 fors\u00f8ge at tage hensyn til alles \u00f8nsker om musikgenrer, men det lykkes aldrig helt, s\u00e5 man skal v\u00e6re forberedt p\u00e5 at spille lidt af det hele!<\/p>\n<h4>KLASSIFICERING AF EVNER OG SAMSPILSERFARING:<\/h4>\n<p><b>Evner<\/b><br \/>\n1) Du er en begynder, der kun kan det mest basale p\u00e5 dit instrument<br \/>\n2) Du er rutineret p\u00e5 dit instrument<br \/>\n3) Du er dygtig p\u00e5 dit instrument<br \/>\n4) Du er s\u00e6rdeles dygtig p\u00e5 dit instrument<\/p>\n<p><b>Samspilserfaring<\/b><br \/>\na) Du har aldrig spillet sammen med andre<br \/>\nb) Du har begr\u00e6nset erfaring med at spille sammen med andre \u2013 har m\u00e5ske spillet kortvarigt i et band, men har ikke v\u00e6ret ude at spille<br \/>\nc) Du har spillet fast i et band\/gruppe og har ogs\u00e5 pr\u00f8vet at v\u00e6re ude at spille flere gange<br \/>\nd) Du er s\u00e6rdeles erfaren i samspil og har spillet meget i bands\/grupper. Du har mange spillejobs i bagagen.<\/p>\n<p><b>BEM\u00c6RK<\/b> at for trommeslagere g\u00e6lder, at de mindst skal v\u00e6re oppe p\u00e5 2B i ovenn\u00e6vnte graduering, da trommespil p\u00e5 et vist niveau er vigtigt, for at resten af gruppen kan fungere. Der er h\u00f8jst plads til en guitarist med gradueringen 1A i hver gruppe.<\/p>\n<p>Efter tilmeldingen vil du modtage en email med betalingsdetaljerne.<\/p>\n<p>AFBUD:<br \/>\nHvis det af tvingende \u00e5rsager skulle vise sig, at du er n\u00f8dt til at melde afbud, er der f\u00f8lgende regler:&nbsp;1) Hvis du melder afbud inden deadline for tilmelding, f\u00e5r du dine indbetalte penge retur<br \/>\n2) Hvis du melder fra efter deadline for tilmelding, vil du ikke f\u00e5 det indbetalte bel\u00f8b returneret, da maden og banddoktorerne p\u00e5 det tidspunkt er bestilt ud fra antal tilmeldte.<\/p>\n","protected":false},"excerpt":{"rendered":"<p>Hver gruppe kommer til at best\u00e5 af 1 trommeslager, 1 bassist, mindst 1 og max 2 lead vokaler (der synger 1-2 sange hver), mindst 1 og max 3 guitarister, max 1 keyboard, x antal korsangere\/bl\u00e6sere\/perkussions. Er der ikke flere ledige pladser p\u00e5 ens instrument, kan man tilmelde sig&nbsp;&nbsp;ventelisten, og vil s\u00e5 blive kontaktet direkte, hvis [&hellip;]<\/p>\n","protected":false},"author":1,"featured_media":0,"parent":11,"menu_order":5,"comment_status":"closed","ping_status":"closed","template":"","meta":{"footnotes":""},"class_list":["post-21","page","type-page","status-publish","hentry"],"_links":{"self":[{"href":"https:\/\/orpro.dk\/index.php\/wp-json\/wp\/v2\/pages\/21","targetHints":{"allow":["GET"]}}],"collection":[{"href":"https:\/\/orpro.dk\/index.php\/wp-json\/wp\/v2\/pages"}],"about":[{"href":"https:\/\/orpro.dk\/index.php\/wp-json\/wp\/v2\/types\/page"}],"author":[{"embeddable":true,"href":"https:\/\/orpro.dk\/index.php\/wp-json\/wp\/v2\/users\/1"}],"replies":[{"embeddable":true,"href":"https:\/\/orpro.dk\/index.php\/wp-json\/wp\/v2\/comments?post=21"}],"version-history":[{"count":0,"href":"https:\/\/orpro.dk\/index.php\/wp-json\/wp\/v2\/pages\/21\/revisions"}],"up":[{"embeddable":true,"href":"https:\/\/orpro.dk\/index.php\/wp-json\/wp\/v2\/pages\/11"}],"wp:attachment":[{"href":"https:\/\/orpro.dk\/index.php\/wp-json\/wp\/v2\/media?parent=21"}],"curies":[{"name":"wp","href":"https:\/\/api.w.org\/{rel}","templated":true}]}}