{"id":19,"date":"2018-11-12T13:46:00","date_gmt":"2018-11-12T12:46:00","guid":{"rendered":"http:\/\/sondagsjam.dk\/?page_id=19"},"modified":"2018-11-12T13:46:00","modified_gmt":"2018-11-12T12:46:00","slug":"gruppedynamik","status":"publish","type":"page","link":"https:\/\/orpro.dk\/index.php\/konceptet\/gruppedynamik\/","title":{"rendered":"Gruppedynamik"},"content":{"rendered":"<p>Det er de helt store f\u00f8lelser, der er i spil til&nbsp;en S\u00f8ndagsJam &#8211; og det er godt!<br \/>\nMusik handler om f\u00f8lelser, og de er ofte meget lidt rationelle &#8211; og derfor langt fra nemme at rubricere og organisere. Til en S\u00f8ndagsJam kombineres mange nye mennesker og mange nye indtryk sammen med f\u00f8lelsen af, at de andre vurderer dig \u2013 og derfor er der virkelig lagt i ovnen til de helt store f\u00f8lelsesudbrud, men ogs\u00e5 en meget &#8211; meget stor mulighed for at l\u00e6re nogle dejlige mennesker at kende, og lave noget helt igennem sk\u00f8n musik, som alle bliver h\u00f8je af.<\/p>\n<p>Der er ikke udpeget nogen egentlig leder, og ALLE har derfor et f\u00f8lelsesregister i gang, der handler om, at de gerne vil h\u00f8res og ses, og alle har et \u00f8nske om at musikken (og dermed deres f\u00f8lelser) p\u00e5 en eller anden m\u00e5de kommer i retning af den m\u00e5de, de gerne vil have det p\u00e5. S\u00e5 der skal i gruppen findes en vej gennem de mange hensyn og \u00f8nsker, som stiller krav til deltagerne. Find en kombination mellem at du f\u00f8ler, at du bliver h\u00f8rt og respekteret, og at du giver masser af plads til, at de andre ogs\u00e5 bliver h\u00f8rt og respekteret for det, de kan \u2013 ogs\u00e5 selvom du sidestiller dig selv med verdenseliten p\u00e5 dit instrument.<\/p>\n<p>Alle der skal spille sammen for f\u00f8rste gang, v\u00e6gter hurtigt hvor gode de f\u00f8ler sig i forhold til resten af gruppen. Der kan bruges rigtig meget energi, hvis gruppen ikke relativt hurtigt finder en balance og en naturlig rollefordeling.<\/p>\n<p>Det er set, at en deltager hele tiden p\u00e5ber\u00e5ber sig opm\u00e6rksomhed, og i mangel p\u00e5 veldefineret rollefordeling f\u00e5r gruppen m\u00e5ske ikke sagt fra over for vedkommende. Her vil vi i videst muligt omfang koble banddoktorerne p\u00e5 til at hj\u00e6lpe med dynamikken og finde en vej igennem f\u00f8lelsesregistret. Der kan bruges meget tid p\u00e5 hvem, der skal bestemme, hvad der skal spilles, hvordan der skal \u00f8ves, og hvad der er vigtigt. Pr\u00f8v at finde det helt store overskud frem, hvis det m\u00e5tte ske for dig\/jer og t\u00e6nk p\u00e5, at personen der hele tiden er urimelig, m\u00e5ske er helt ude i tovene og presset. Det handler om hurtigt at skabe en ramme, som alle kan nikke ja til.<\/p>\n<p><u>DET HANDLER IKKE OM KONCERTEN<\/u> \u2013 det er rigtig sjovt at spille for hinanden, og det publikum der dukker op p\u00e5 dagen \u2013 men til koncerten er alle i gruppen ofte lidt nerv\u00f8se, og der spilles m\u00e5ske lidt forkert hist og pist. Men det g\u00f8r ikke noget, for publikum l\u00e6gger n\u00e6ppe m\u00e6rke til det. Det som publikum l\u00e6gger m\u00e6rke til, og med det samme ser, er jeres indbyrdes dynamik og sammenhold. Kan I lide det i har lavet, og kan I lide hinanden, s\u00e5 lyser det ud af jer, uanset om der er et par fejl hist og her.<\/p>\n<p><u>NYD \u00d8VEDAGEN!<\/u> Det er vejen derhen, og de mennesker du er sammen med, der er den store oplevelse. Selvom koncerten er m\u00e5let, som i allersidste ende giver det hele mening &#8211; s\u00e5 er det vejen derhen, der danner fundamentet for den gode oplevelse. Brug energi p\u00e5 at lytte, bibringe og gl\u00e6des over det som I n\u00e5r frem til.<\/p>\n","protected":false},"excerpt":{"rendered":"<p>Det er de helt store f\u00f8lelser, der er i spil til&nbsp;en S\u00f8ndagsJam &#8211; og det er godt! Musik handler om f\u00f8lelser, og de er ofte meget lidt rationelle &#8211; og derfor langt fra nemme at rubricere og organisere. Til en S\u00f8ndagsJam kombineres mange nye mennesker og mange nye indtryk sammen med f\u00f8lelsen af, at de [&hellip;]<\/p>\n","protected":false},"author":1,"featured_media":0,"parent":11,"menu_order":4,"comment_status":"closed","ping_status":"closed","template":"","meta":{"footnotes":""},"class_list":["post-19","page","type-page","status-publish","hentry"],"_links":{"self":[{"href":"https:\/\/orpro.dk\/index.php\/wp-json\/wp\/v2\/pages\/19","targetHints":{"allow":["GET"]}}],"collection":[{"href":"https:\/\/orpro.dk\/index.php\/wp-json\/wp\/v2\/pages"}],"about":[{"href":"https:\/\/orpro.dk\/index.php\/wp-json\/wp\/v2\/types\/page"}],"author":[{"embeddable":true,"href":"https:\/\/orpro.dk\/index.php\/wp-json\/wp\/v2\/users\/1"}],"replies":[{"embeddable":true,"href":"https:\/\/orpro.dk\/index.php\/wp-json\/wp\/v2\/comments?post=19"}],"version-history":[{"count":0,"href":"https:\/\/orpro.dk\/index.php\/wp-json\/wp\/v2\/pages\/19\/revisions"}],"up":[{"embeddable":true,"href":"https:\/\/orpro.dk\/index.php\/wp-json\/wp\/v2\/pages\/11"}],"wp:attachment":[{"href":"https:\/\/orpro.dk\/index.php\/wp-json\/wp\/v2\/media?parent=19"}],"curies":[{"name":"wp","href":"https:\/\/api.w.org\/{rel}","templated":true}]}}