{"id":17,"date":"2018-11-12T13:44:02","date_gmt":"2018-11-12T12:44:02","guid":{"rendered":"http:\/\/sondagsjam.dk\/?page_id=17"},"modified":"2018-11-12T13:44:02","modified_gmt":"2018-11-12T12:44:02","slug":"banddoktorene","status":"publish","type":"page","link":"https:\/\/orpro.dk\/index.php\/konceptet\/banddoktorene\/","title":{"rendered":"Banddoktorene"},"content":{"rendered":"<p><strong>Banddoktorernes arbejdsmetoder<\/strong><\/p>\n<p>Banddoktorerne har typisk 2 grupper hver, som de h\u00e5ndterer og hj\u00e6lper. De er med ved opstarten af grupperne. De lytter og kommer med indspark og gode ideer, til hvordan I kan hurtigt kan komme i gang. Ved f\u00e5 \u00e6ndringer og ofte forenklinger i den m\u00e5de I hver is\u00e6r spiller p\u00e5, sikrer de, at I supplerer hinanden, s\u00e5 det ikke bliver alles kamp mod alle. Typisk g\u00e5r de fra den ene gruppe til den anden, lytter mens I \u00f8ver og kommer s\u00e5 med indspark til rytmer, riffs, forenklinger. De kommer m\u00e5ske med \u00e6ndringer, til udtrykket eller jeres syn p\u00e5 det I spiller, og g\u00f8r derved musikken til jeres egen.<\/p>\n<p><strong>Banddoktorernes egen beskrivelse af deres roller<\/strong><\/p>\n<p>Som banddoktor arbejder vi med bandets samlede lyd. Hvordan spiller man mest effektivt sammen. Vi kan hj\u00e6lpe med at sk\u00e6rpe de individuelle roller i bandet, s\u00e5 I samlet lyder bedre. Vi kan m\u00e6gle lidt, hvis I sidder fast.<br \/>\nEn stor del af vores tid g\u00e5r ogs\u00e5 med at sk\u00e6re til, n\u00e5r vi skal finde ud af, hvordan I lyder bedst muligt. Tit kan vi hj\u00e6lpe med at forenkle, sk\u00e6re til og optimere jeres udtryk.<br \/>\nDer er ogs\u00e5 en lavpraktisk del, der handler om selve instrumentet: Hvordan skal guitarforst\u00e6rkeren st\u00e5? Hvorfor kan sangeren ikke h\u00f8re sig selv? Hvordan placerer man sig p\u00e5 scenen? Kan vi \u00e6ndre p\u00e5 lyden, s\u00e5 medlemmerne i bandet smelter sammen og bliver til en underst\u00f8ttende enhed i stedet for de individuelle dele?<br \/>\nEndelig fungerer vi ogs\u00e5 som den sociale lim! Til S\u00f8ndagsJam kan man indg\u00e5 i helt nye bands, der gerne skulle fungere, og derfor kan det v\u00e6re rart, at vi kigger forbi og laver lidt sjov med det hele, s\u00e5 vi f\u00e5r \u201clettet p\u00e5 ventilen\u201d. Vi har selv st\u00e5et i samme situation et hav af gange&nbsp;og ved,&nbsp;at det er rart at f\u00e5 lidt moralsk st\u00f8tte til de \u201csociale tandhjul\u201d.<br \/>\nEndeligt er vi som regel med til lydpr\u00f8ven f\u00f8r aftenens koncert, hvor vi kan hj\u00e6lpe med at f\u00e5 dig til at f\u00f8le dig sikker p\u00e5, hvad der skal ske. Vi s\u00f8rger for at koncerten bliver en god oplevelse, selv for de mest u-rutinerede blandt deltagerne. Vi gl\u00e6der os til at m\u00f8de jer.<\/p>\n<p><strong>Pr\u00e6sentation af banddoktorer:<\/strong><\/p>\n<p><strong>Palle Klok:&nbsp;<\/strong><\/p>\n<p><img loading=\"lazy\" decoding=\"async\" class=\"size-medium wp-image-107 alignright\" src=\"http:\/\/sondagsjam.dk\/wp-content\/uploads\/2018\/11\/78429402-38BA-40E9-8B5C-6141E11E1AF3-300x200.jpeg\" alt=\"\" width=\"300\" height=\"200\"><\/p>\n<p>Sanger\/guitarist, 43 \u00e5r gammel, fra Silkeborg<br \/>\nHar sunget og spillet siden 1988, Uddannet p\u00e5 Det Jyske Musikkonservatorium og har undervist siden 1995. Har som ud\u00f8vende musiker spillet i mange forskellige sammenh\u00e6nge og genrer gennem \u00e5rene. Fra solokoncerter til teaterensembler og alt derimellem.<\/p>\n<p><img loading=\"lazy\" decoding=\"async\" class=\"alignleft size-medium wp-image-108\" src=\"http:\/\/sondagsjam.dk\/wp-content\/uploads\/2018\/11\/D90C8FBD-C650-434D-B1A2-6CBCED404A3E-300x200.jpeg\" alt=\"\" width=\"300\" height=\"200\"><\/p>\n<p>&nbsp;<\/p>\n<p>&nbsp;<\/p>\n<p>&nbsp;<\/p>\n<p>&nbsp;<\/p>\n<p>&nbsp;<\/p>\n<p><strong>Klaus<\/strong> <strong>Sandberg:<\/strong><\/p>\n<p><img loading=\"lazy\" decoding=\"async\" class=\"size-medium wp-image-105 alignright\" src=\"http:\/\/sondagsjam.dk\/wp-content\/uploads\/2018\/11\/BD73277A-1327-4503-BBD2-00A578F0A028-300x238.png\" alt=\"\" width=\"300\" height=\"238\"><\/p>\n<p>Jeg er opvokset i Kalundborg i Vestsj\u00e6lland. Da jeg blev 19 \u00e5r gammel, flyttede jeg til K\u00f8benhavn, for det var d\u00e9r, musikken var. Jeg spillede mig til venner for livet og hyggelige ture p\u00e5 landevejen.<br \/>\nJeg har v\u00e6ret med til at starte de mest bes\u00f8gte Jam-Sessions i K\u00f8benhavn. F\u00f8rst p\u00e5 Den Glade Gris og senere p\u00e5 Drop Inn. Begge oplevelser har gjort mig til en bedre musiker, da jeg har l\u00e6rt at omstille mig musikalsk, efterh\u00e5nden som dem man spiller sammen med, bliver skiftet ud i l\u00f8bet af aftenen. De oplevelser, er jeg meget taknemlig for at have i \u201crygs\u00e6kken\u201d, da det er noget, der virkeligt er uvurderligt ifbm. sammenspils-undervisning.<br \/>\nN\u00e5r jeg ikke har spillet live-koncerter, har jeg ogs\u00e5 v\u00e6ret en del af et stort SSL-studie i Kbh. NV, hvor jeg, igennem tiden, har produceret og arbejdet med Burhan G, Outlandish, Joey Moe og Mads Langer.<br \/>\nJeg har spillet koncerter med;<br \/>\nS\u00f8s Fenger,&nbsp;Erann DD,&nbsp;Sko\/Torp,&nbsp;Jimmy J\u00f8rgensen,&nbsp;Rugsted\/Kreutzfeldt,&nbsp;Djames Bra\u00fcn,&nbsp;CityBois og&nbsp;Blak<\/p>\n<p>&nbsp;<\/p>\n<p><strong>Jens Jepsen<\/strong><\/p>\n<p>Sanger \/ guitarist \/ sangskriver, 34 \u00e5r gammel, fra Hiller\u00f8d.<br \/>\nJeg startede med at spille musik som 6-\u00e5rig i Hiller\u00f8d musikskole.<br \/>\nSpiller mellem 50-75 livekoncerter om \u00e5ret. Jeg skriver b\u00e5de egen musik og<br \/>\nnye fortolkninger af fx. The Beatles, H\u00f8jskolesangbogen m.fl.<br \/>\nSpiller jazz, pop og folk i forskellige sammenh\u00e6nge. Har med egne bands udgivet flere albums, f\u00e5et radiotid p\u00e5 bla. P4.<\/p>\n<p><img loading=\"lazy\" decoding=\"async\" class=\"alignleft size-medium wp-image-1130\" src=\"https:\/\/sondagsjam.dk\/wp-content\/uploads\/2020\/01\/E9351F4B-4567-4885-B273-EDA32AADD97E-300x200.jpeg\" alt=\"\" width=\"300\" height=\"200\"><\/p>\n<p>Jeg har 10 \u00e5rs undervisningserfaring fra folkeskole, musikskole, mgk og h\u00f8jskoler i hele landet.<br \/>\nI et \u00f8velokale er det vigtigt for mig at skabe den gode energi og det f\u00e6llesskab, der i sidste ende, g\u00f8r musikken sjovere at spille og bedre at lytte til. Det er simpelt &#8211; det skal v\u00e6re sjovt at spille musik sammen. Derudover er det altid mit udgangspunkt, at \u00f8rerne er det vigtigste instrument i et \u00f8velokale.<\/p>\n","protected":false},"excerpt":{"rendered":"<p>Banddoktorernes arbejdsmetoder Banddoktorerne har typisk 2 grupper hver, som de h\u00e5ndterer og hj\u00e6lper. De er med ved opstarten af grupperne. De lytter og kommer med indspark og gode ideer, til hvordan I kan hurtigt kan komme i gang. Ved f\u00e5 \u00e6ndringer og ofte forenklinger i den m\u00e5de I hver is\u00e6r spiller p\u00e5, sikrer de, at [&hellip;]<\/p>\n","protected":false},"author":1,"featured_media":0,"parent":11,"menu_order":3,"comment_status":"closed","ping_status":"closed","template":"","meta":{"footnotes":""},"class_list":["post-17","page","type-page","status-publish","hentry"],"_links":{"self":[{"href":"https:\/\/orpro.dk\/index.php\/wp-json\/wp\/v2\/pages\/17","targetHints":{"allow":["GET"]}}],"collection":[{"href":"https:\/\/orpro.dk\/index.php\/wp-json\/wp\/v2\/pages"}],"about":[{"href":"https:\/\/orpro.dk\/index.php\/wp-json\/wp\/v2\/types\/page"}],"author":[{"embeddable":true,"href":"https:\/\/orpro.dk\/index.php\/wp-json\/wp\/v2\/users\/1"}],"replies":[{"embeddable":true,"href":"https:\/\/orpro.dk\/index.php\/wp-json\/wp\/v2\/comments?post=17"}],"version-history":[{"count":0,"href":"https:\/\/orpro.dk\/index.php\/wp-json\/wp\/v2\/pages\/17\/revisions"}],"up":[{"embeddable":true,"href":"https:\/\/orpro.dk\/index.php\/wp-json\/wp\/v2\/pages\/11"}],"wp:attachment":[{"href":"https:\/\/orpro.dk\/index.php\/wp-json\/wp\/v2\/media?parent=17"}],"curies":[{"name":"wp","href":"https:\/\/api.w.org\/{rel}","templated":true}]}}