{"id":162,"date":"2018-11-23T16:34:06","date_gmt":"2018-11-23T15:34:06","guid":{"rendered":"http:\/\/sondagsjam.dk\/?page_id=162"},"modified":"2018-11-23T16:34:06","modified_gmt":"2018-11-23T15:34:06","slug":"find-vej-og-parkering","status":"publish","type":"page","link":"https:\/\/orpro.dk\/index.php\/klaverfabrikken\/find-vej-og-parkering\/","title":{"rendered":"Find vej og parkering"},"content":{"rendered":"<p><strong>Find vej<\/strong><\/p>\n<p>Klaverfabrikken ligger p\u00e5 Fredensvej 12A, 3400 Hiller\u00f8d<\/p>\n<p>Klaverfabrikken er en del af Hiller\u00f8d kommunes Viden- og kulturpark, og ligger i centrum bag ved Hiller\u00f8d Bibliotek syd for Slotsarkaderne.<\/p>\n<p>Fra Hiller\u00f8d station tages bus 301 eller 302.<\/p>\n<p>&nbsp;<\/p>\n<p><strong>Parkering<\/strong><\/p>\n<p>Har man meget udstyr med, kan man med fordel parkere p\u00e5 den lille parkeringsplads p\u00e5 Fredensvej, der ligger lige op til Klaverfabrikken, og hvor der er gratis parkering om s\u00f8ndagen. Og ellers m\u00e5 man finde en plads p\u00e5 de omkringliggende villaveje.<\/p>\n","protected":false},"excerpt":{"rendered":"<p>Find vej Klaverfabrikken ligger p\u00e5 Fredensvej 12A, 3400 Hiller\u00f8d Klaverfabrikken er en del af Hiller\u00f8d kommunes Viden- og kulturpark, og ligger i centrum bag ved Hiller\u00f8d Bibliotek syd for Slotsarkaderne. Fra Hiller\u00f8d station tages bus 301 eller 302. &nbsp; Parkering Har man meget udstyr med, kan man med fordel parkere p\u00e5 den lille parkeringsplads p\u00e5 [&hellip;]<\/p>\n","protected":false},"author":1,"featured_media":0,"parent":34,"menu_order":1,"comment_status":"closed","ping_status":"closed","template":"","meta":{"footnotes":""},"class_list":["post-162","page","type-page","status-publish","hentry"],"_links":{"self":[{"href":"https:\/\/orpro.dk\/index.php\/wp-json\/wp\/v2\/pages\/162","targetHints":{"allow":["GET"]}}],"collection":[{"href":"https:\/\/orpro.dk\/index.php\/wp-json\/wp\/v2\/pages"}],"about":[{"href":"https:\/\/orpro.dk\/index.php\/wp-json\/wp\/v2\/types\/page"}],"author":[{"embeddable":true,"href":"https:\/\/orpro.dk\/index.php\/wp-json\/wp\/v2\/users\/1"}],"replies":[{"embeddable":true,"href":"https:\/\/orpro.dk\/index.php\/wp-json\/wp\/v2\/comments?post=162"}],"version-history":[{"count":0,"href":"https:\/\/orpro.dk\/index.php\/wp-json\/wp\/v2\/pages\/162\/revisions"}],"up":[{"embeddable":true,"href":"https:\/\/orpro.dk\/index.php\/wp-json\/wp\/v2\/pages\/34"}],"wp:attachment":[{"href":"https:\/\/orpro.dk\/index.php\/wp-json\/wp\/v2\/media?parent=162"}],"curies":[{"name":"wp","href":"https:\/\/api.w.org\/{rel}","templated":true}]}}