{"id":15,"date":"2018-11-12T13:43:36","date_gmt":"2018-11-12T12:43:36","guid":{"rendered":"http:\/\/sondagsjam.dk\/?page_id=15"},"modified":"2018-11-12T13:43:36","modified_gmt":"2018-11-12T12:43:36","slug":"udvaelgelse-af-numre","status":"publish","type":"page","link":"https:\/\/orpro.dk\/index.php\/konceptet\/udvaelgelse-af-numre\/","title":{"rendered":"Udv\u00e6lgelse af numre"},"content":{"rendered":"<p>I S\u00f8ndagsJam fors\u00f8ger vi s\u00e5 vidt muligt at sammens\u00e6tte de forskellige bands, s\u00e5 der er j\u00e6vn fordeling af de evner, der er til r\u00e5dighed iblandt de forskellige medlemmer. Et emne der kan v\u00e6re endog meget store forskelle p\u00e5 \u2013 er de musik\u00f8nsker som det enkelte bandmedlem byder ind med og gerne vil have spillet i S\u00f8ndags Jam.<\/p>\n<p>Vi har gennem \u00e5rene fors\u00f8gt med mange metoder til udvalg af numre \u2013 og alle deltagere \u2013 som i alle \u2013 har \u00f8nsker og pr\u00e6ferencer til de helt specielle numre, som de bare M\u00c5 spille\/synge \u2013 og ikke uventet &#8211; er det de helt store f\u00f8lelser, der kommer op, n\u00e5r det drejer sig om musik. Pr\u00f8v at v\u00e6re \u00e5bne \u2013 t\u00e6nk at alle numre er gode, n\u00e5r de bliver spillet af jeres gruppe.<\/p>\n<p><em>Reaktionerne er mange.&nbsp; Alle holder jo af at spille fra det inderste af sj\u00e6len &#8211; men tro os n\u00e5r vi siger, at alle har v\u00e6ret glade og stolte, n\u00e5r dagens program er afviklet.<\/em><\/p>\n<p>Som overskrift skal lyde, at det handler om relativt hurtigt at finde frem til de&nbsp; numre, som I vil fors\u00f8ge jer med p\u00e5 dagen, s\u00e5 alle kan komme i gang med at \u00f8ve. Der er kun ca. 6-7 timer at \u00f8ve 3-4 sange op, og det er ikke s\u00e6rlig lang tid, s\u00e5 \u201d bohemian rhapsody\u201d er et feeeedt og langt nummer, men der er simpelthen for lidt tid, til at f\u00e5 samling p\u00e5 det. S\u00e5 t\u00e6nk p\u00e5 n\u00e5r I v\u00e6lger numrene, at nummeret skal v\u00e6re komplekst nok til, at I bliver udfordret, men ikke sv\u00e6rere end at I relativt hurtigt kan f\u00e5 styr p\u00e5 det og begynde at forme nummeret internt i gruppen.<br \/>\nVi er kommet frem til en metode, som giver den bedste fordeling, og som sikrer mest mulig tilslutning fra flest mulige bandmedlemmer.<\/p>\n<p><strong>Metoden g\u00e5r ud p\u00e5 f\u00f8lgende:<\/strong><br \/>\n1. Alle bandmedlemmer forsl\u00e5r max 3 numre, som de gerne vil spille<\/p>\n<p>2. Alle sender sine forslag til Koordinatoren.<\/p>\n<p>3. Sammen med numrene sendes meget gerne et ark med teksten, der indeholder akkorderne samt et link til en youtube-video, og helst i den toneart, som fremg\u00e5r af tekstarket.<\/p>\n<p>4. Koordinatoren l\u00e6gger alle numrene i et Excel regneark med de beskrevne henvisninger, og alle bandmedlemmer stemmer herefter p\u00e5 5 numre hvor kun et af dem m\u00e5 v\u00e6re et han\/hun selv har forsl\u00e5et. Herefter melder Koordinatoren s\u00e5 ud hvilke fire numre, der har f\u00e5et flest stemmer, og det er de fire numre, der skal \u00f8ves p\u00e5. Hvis der er et enkelt eller to numre, som der er lidt usikkerhed p\u00e5 om gruppen eller nogle af medlemmerne kan spille, kan det v\u00e6re en god ide at v\u00e6lge et femte og let reservenummer, som gruppen ogs\u00e5 forbereder sig p\u00e5. Hvis et eller to af de sv\u00e6rere numre s\u00e5 glipper, kan man benytte det femte nummer i stedet for. Bem\u00e6rk at der n\u00e6sten aldrig har v\u00e6ret nogen grupper, der har n\u00e5et at ind\u00f8ve mere end 3-4 numre.<br \/>\nN\u00e5r numrene er p\u00e5 plads, skal sangere og solister fordeles, og her er det igen med at byde ind med hvad I gerne vil og igen \u2013 jo hurtigere I er p\u00e5 plads med stemmefordeling og solo, jo hurtigere kan i komme i gang med at \u00f8ve og komme i den rigtige retning med den musik, i vil lave.<br \/>\nV\u00e6r aktiv i processen og kom med dit bidrag. S\u00f8rg for at v\u00e6re hurtige ude. Meld tilbage og v\u00e6r aktivt deltagende og ikke afventende. Det giver ikke mere medvind, for de numre, du gerne vil spille, at komme ind sent i processen. S\u00f8rg for hurtigst muligt at komme i gang med at \u00f8ve og f\u00e5 styr p\u00e5 formen, og brug noget af \u00f8vningen til ikke kun at \u00f8ve akkorderne, men t\u00e6nk eventuelt p\u00e5, hvordan i kan forme nummeret med enkle riffs eller temaer, s\u00e5 ikke alle p\u00e5 scenen laver akkordskift som eneste variation.<\/p>\n<p><b>R\u00e6kkef\u00f8lge og udv\u00e6lgelse af numre p\u00e5 dagen<\/b><br \/>\nStart med at fors\u00f8ge at spille alle numrene igennem en enkelt gang og m\u00e6rk efter, hvilke numre I godt kan lide, har god energi og der vil v\u00e6re mindst arbejde i at f\u00e5 til at fungere. N\u00e5r I har fundet frem til de 2 foretrukne numre at l\u00e6gge ud med, s\u00e5 start med at ind\u00f8ve dem, s\u00e5 I hurtigt f\u00e5r noget p\u00e5 plads. Det er nemlig en herlig f\u00f8lelse at kunne s\u00e6tte hak ved de f\u00f8rste numre. Der er ikke noget krav om, at der skal spilles 4 numre. Det er sjovere at spille 3 numre som er sm\u00e6kfyldt med energi og gode indfald end 4 numre, som ingen rigtig f\u00e5r ind under huden.<\/p>\n","protected":false},"excerpt":{"rendered":"<p>I S\u00f8ndagsJam fors\u00f8ger vi s\u00e5 vidt muligt at sammens\u00e6tte de forskellige bands, s\u00e5 der er j\u00e6vn fordeling af de evner, der er til r\u00e5dighed iblandt de forskellige medlemmer. Et emne der kan v\u00e6re endog meget store forskelle p\u00e5 \u2013 er de musik\u00f8nsker som det enkelte bandmedlem byder ind med og gerne vil have spillet i [&hellip;]<\/p>\n","protected":false},"author":1,"featured_media":0,"parent":11,"menu_order":2,"comment_status":"closed","ping_status":"closed","template":"","meta":{"footnotes":""},"class_list":["post-15","page","type-page","status-publish","hentry"],"_links":{"self":[{"href":"https:\/\/orpro.dk\/index.php\/wp-json\/wp\/v2\/pages\/15","targetHints":{"allow":["GET"]}}],"collection":[{"href":"https:\/\/orpro.dk\/index.php\/wp-json\/wp\/v2\/pages"}],"about":[{"href":"https:\/\/orpro.dk\/index.php\/wp-json\/wp\/v2\/types\/page"}],"author":[{"embeddable":true,"href":"https:\/\/orpro.dk\/index.php\/wp-json\/wp\/v2\/users\/1"}],"replies":[{"embeddable":true,"href":"https:\/\/orpro.dk\/index.php\/wp-json\/wp\/v2\/comments?post=15"}],"version-history":[{"count":0,"href":"https:\/\/orpro.dk\/index.php\/wp-json\/wp\/v2\/pages\/15\/revisions"}],"up":[{"embeddable":true,"href":"https:\/\/orpro.dk\/index.php\/wp-json\/wp\/v2\/pages\/11"}],"wp:attachment":[{"href":"https:\/\/orpro.dk\/index.php\/wp-json\/wp\/v2\/media?parent=15"}],"curies":[{"name":"wp","href":"https:\/\/api.w.org\/{rel}","templated":true}]}}