{"id":13,"date":"2018-11-12T13:42:58","date_gmt":"2018-11-12T12:42:58","guid":{"rendered":"http:\/\/sondagsjam.dk\/?page_id=13"},"modified":"2018-11-12T13:42:58","modified_gmt":"2018-11-12T12:42:58","slug":"forventning-til-deltagerne","status":"publish","type":"page","link":"https:\/\/orpro.dk\/index.php\/konceptet\/forventning-til-deltagerne\/","title":{"rendered":"Forventning til deltagerne"},"content":{"rendered":"<p>S\u00f8ndagsJam er et f\u00e6llesskab for amat\u00f8rmusikere, der gerne vil m\u00f8de og spille med andre amat\u00f8rmusikere, og resultatet afh\u00e6nger af vores egen indsats \u2013 vi skaber selv resultatet.<\/p>\n<p>Vi forventer derfor, at du byder ind med nogle numre, du gerne vil spille, og at du har \u00f8vet dig p\u00e5 de numre, som din gruppe har valgt at spille. Vi forventer ogs\u00e5, at du bidrager til, at gruppen fungerer s\u00e5 godt som muligt som en gruppe og ikke som et hold individualister, selv om de enkelte deltagere kan v\u00e6re p\u00e5 forskelligt niveau.<\/p>\n<p>Du&nbsp;skal v\u00e6re indstillet p\u00e5 ikke bare at komme og spille, men ogs\u00e5 at p\u00e5 at indg\u00e5 i f\u00e6llesskabet og deltage i det praktiske i l\u00f8bet af dagen som fx at hj\u00e6lpe med at anrette maden, ryde af, stille op til koncerten, generel oprydning samt afrigning af udstyr.<\/p>\n<p>Vi forventer, at du kommer med en positiv indstilling og vil g\u00f8re dit, for at det skal blive en god dag med fokus p\u00e5 at spille noget god musik med mennesker, du m\u00e5ske ikke har m\u00f8dt f\u00f8r eller spillet sammen med.<\/p>\n<p>Vi forventer, at du medbringer dit eget udstyr p\u00e5 dagen, herunder instrumenter, stativer, ledninger, kabler, forst\u00e6rker og andet der er n\u00f8dvendigt for at du kan spille p\u00e5 dit instrument. I nogle af \u00f8velokalerne st\u00e5r der dog trommes\u00e6t og bas forst\u00e6rker, som man kan f\u00e5 lov til at l\u00e5ne. L\u00e6s mere om det under Klaverfabrikken<\/p>\n<p>&nbsp;<\/p>\n<p>S\u00f8ndagsJams 10 bud<\/p>\n<p>1. Vi ser frem til at spille sammen med mennesker, vi ikke har spillet sammen med f\u00f8r.<\/p>\n<p>2. Vi byder alle sammen ind med et antal numre, vi gerne vil spille.<\/p>\n<p>3. Vi har \u00f8vet hjemme p\u00e5 numre, der er aftalt for vores gruppe, s\u00e5 vi kender dem og kan spille dem.<\/p>\n<p>4. Vi hj\u00e6lpes ad med at arrangere numrene og giver plads til hinanden.<\/p>\n<p>5. Vi er opm\u00e6rksomme p\u00e5 hinanden, og g\u00f8r hvad vi kan, for at skabe en god stemning.<\/p>\n<p>6. Vi fordeler opgaverne mellem os.<\/p>\n<p>7. Vi hj\u00e6lper alle til med det praktiske i l\u00f8bet af dagen<\/p>\n<p>8. Det handler om samspil \u2013 det er ikke en konkurrence.<\/p>\n<p>9. Det skal ikke v\u00e6re perfekt<\/p>\n<p>10. Det skal v\u00e6re sjovt<\/p>\n","protected":false},"excerpt":{"rendered":"<p>S\u00f8ndagsJam er et f\u00e6llesskab for amat\u00f8rmusikere, der gerne vil m\u00f8de og spille med andre amat\u00f8rmusikere, og resultatet afh\u00e6nger af vores egen indsats \u2013 vi skaber selv resultatet. Vi forventer derfor, at du byder ind med nogle numre, du gerne vil spille, og at du har \u00f8vet dig p\u00e5 de numre, som din gruppe har valgt [&hellip;]<\/p>\n","protected":false},"author":1,"featured_media":0,"parent":11,"menu_order":1,"comment_status":"closed","ping_status":"closed","template":"","meta":{"footnotes":""},"class_list":["post-13","page","type-page","status-publish","hentry"],"_links":{"self":[{"href":"https:\/\/orpro.dk\/index.php\/wp-json\/wp\/v2\/pages\/13","targetHints":{"allow":["GET"]}}],"collection":[{"href":"https:\/\/orpro.dk\/index.php\/wp-json\/wp\/v2\/pages"}],"about":[{"href":"https:\/\/orpro.dk\/index.php\/wp-json\/wp\/v2\/types\/page"}],"author":[{"embeddable":true,"href":"https:\/\/orpro.dk\/index.php\/wp-json\/wp\/v2\/users\/1"}],"replies":[{"embeddable":true,"href":"https:\/\/orpro.dk\/index.php\/wp-json\/wp\/v2\/comments?post=13"}],"version-history":[{"count":0,"href":"https:\/\/orpro.dk\/index.php\/wp-json\/wp\/v2\/pages\/13\/revisions"}],"up":[{"embeddable":true,"href":"https:\/\/orpro.dk\/index.php\/wp-json\/wp\/v2\/pages\/11"}],"wp:attachment":[{"href":"https:\/\/orpro.dk\/index.php\/wp-json\/wp\/v2\/media?parent=13"}],"curies":[{"name":"wp","href":"https:\/\/api.w.org\/{rel}","templated":true}]}}