{"id":119,"date":"2018-11-23T14:16:28","date_gmt":"2018-11-23T13:16:28","guid":{"rendered":"http:\/\/sondagsjam.dk\/?page_id=119"},"modified":"2018-11-23T14:16:28","modified_gmt":"2018-11-23T13:16:28","slug":"tilmelding-til-den-7-april","status":"publish","type":"page","link":"https:\/\/orpro.dk\/index.php\/klaverfabrikken\/tilmelding-til-den-7-april\/","title":{"rendered":"Tilmelding til den 20. September 2020 p\u00e5 Klaverfabrikken"},"content":{"rendered":"\n<p><strong>Der er desv\u00e6rre ikke flere ledige pladser til den 20. september men man kan med fordel tilmelde sig  <\/strong><a href=\"https:\/\/tilmelding.klaverfabrikken.dk\/memberportal\/teamenrollment\/index\/51044\"><strong>ventelisten<\/strong><\/a><strong>  da det ikke er unormalt at der kommer afbud.<\/strong><\/p>\n\n\n<p><img loading=\"lazy\" decoding=\"async\" class=\"alignleft size-medium wp-image-1002\" src=\"https:\/\/sondagsjam.dk\/wp-content\/uploads\/2019\/11\/IMG_6865-300x200.jpg\" alt=\"\" width=\"300\" height=\"200\"><strong>Scroll ned<\/strong> for at finde tilmeldingsboxen til dit instrument.<\/p>\n<p>For at sikre at der er det rette antal af de forskellige instrumenter til at danne 4 grupper, skal man tilmelde sig i den box nedenunder, der svarer til ens instrument!<\/p>\n<p>Hver gruppe kommer til at best\u00e5 af 1 trodmmeslager, 1 bassist, mindst 1 og max 2 lead vokaler (der synger 1-2 sange hver), mindst 1 og max 3 guitarister, max 1 keyboard, x antal korsangere\/bl\u00e6sere\/percussions.<br>Er der ikke flere ledige pladser p\u00e5 ens instrument, kan man tilmelde sig&nbsp;&nbsp;ventelisten, og man vil s\u00e5 blive kontaktet direkte, hvis der kommer et afbud.<\/p>\n<p>N\u00e5r man har trykket p\u00e5 &#8220;Tilmeld&#8221;, bliver man bedt om at klassificere sine evner p\u00e5 sit instrument samt sin samspilserfaring. Dette bruges udelukkende til at fordele kompetencerne ligeligt, n\u00e5r de 4 grupper dannes.<\/p>\n<p>I notefeltet m\u00e5 man ogs\u00e5 meget gerne skrive lidt om sin musikalske baggrund, samt hvilke af genrene Pop, Rock, Blues og Soul\/Funk man helst vil eller ikke vil spille.<\/p>\n<p>Ved dannelse af grupperne vil vi s\u00e5 fors\u00f8ge at tage hensyn til alles \u00f8nsker om musikgenrer, men det lykkes aldrig helt, s\u00e5 man skal v\u00e6re forberedt p\u00e5 at spille lidt af det hele!<\/p>\n<h4>KLASSIFICERING AF EVNER OG SAMSPILSERFARING:<\/h4>\n<p><b>Evner<\/b><br>1) Du er en begynder, der kun kan det mest basale p\u00e5 sit instrument<br>2) Du er rutineret p\u00e5 dit instrument<br>3) Du er dygtig p\u00e5 dit instrument<br>4) Du er s\u00e6rdeles dygtig p\u00e5 dit instrument<\/p>\n<p><b>Samspilserfaring<\/b><br>a) Du har aldrig spillet sammen med andre<br>b) Du har begr\u00e6nset erfaring med at spille sammen med andre \u2013 har m\u00e5ske spillet kortvarigt i et band men har ikke v\u00e6ret ude at spille<br>c) Du har spillet fast i et band\/gruppe, og har ogs\u00e5 pr\u00f8vet at v\u00e6re ude at spille flere gange<br>d) Du er s\u00e6rdeles erfaren i samspil, og har spillet meget i bands\/grupper. Du har mange spillejobs i bagagen.<\/p>\n<p><b>BEM\u00c6RK<\/b> at for trommeslagere g\u00e6lder, at de mindst skal v\u00e6re oppe p\u00e5 2B i ovenn\u00e6vnte graduering, da trommespil p\u00e5 et vist niveau er vigtigt for at resten af gruppen kan fungere. Der er h\u00f8jst plads til en guitarist med gradueringen 1A i hver gruppe.<\/p>\n<p>Efter tilmeldingen vil du modtage en email med betalingsdetaljerne.<\/p>\n<p>AFBUD:<br>Hvis det af tvingende \u00e5rsager skulle vise sig, at du er n\u00f8dt til at melde afbud, er der f\u00f8lgende regler:<\/p>\n<p>1) Hvis du melder afbud inden deadline for tilmelding, f\u00e5r du dine indbetalte penge retur<br>2) Hvis du melder fra efter deadline for tilmelding, vil du ikke f\u00e5 det indbetalte bel\u00f8b returneret, da maden og banddoktorerne p\u00e5 det tidspunkt er bestilt ud fra antal tilmeldte.<\/p>\n<p>&nbsp;<\/p>\n<p><strong>Bem\u00e6rk \u00e6ndring ang\u00e5ende lydpr\u00f8ve og brug af egne forst\u00e6rkere<\/strong><\/p>\n<p>For at sikre bedre&nbsp;foruds\u00e6tninger for at alle grupperne kommer til at opleve god lyd p\u00e5 scenen til aftenens koncert har vi besluttet i forhold til tidligere at lave om p\u00e5 hvordan lydpr\u00f8verne kommer til at foreg\u00e5 og hvilket udstyr der skal spilles p\u00e5.<\/p>\n<p>P\u00e5 scenen kommer der til at st\u00e5 Klaverfabrikkens 5 guitarforst\u00e6rkere, bas forst\u00e6rker samt trommes\u00e6t. Alle vil v\u00e6re micked up p\u00e5 forh\u00e5nd og man skal derfor kun medbringe sit personlige instrument inkl pedaler. Der vil IKKE&nbsp;v\u00e6re mulighed for at spille p\u00e5 sin egen forst\u00e6rker til lydpr\u00f8ve og koncert. Til geng\u00e6ld er der 5 forskellige guitarforst\u00e6rkere i god kvalitet og g\u00e6nse m\u00e6rker som de op til 3 guitarister per gruppe kan fordele imellem sig. Trommeslagere kan evt benytte egne b\u00e6kner og lilletromme. Der vil som altid v\u00e6re mikrofoner til alle p\u00e5 scenen men man kan stadig f\u00e5 lov til at benytte sin personlige mikrofon.<\/p>\n<p>Til geng\u00e6ld bliver der mere tid og ro til lydpr\u00f8verne &#8211; se dagens program<\/p>\n<p>Tryk p\u00e5 <em>\u201cJeg er allerede medlem &#8211; Klik her\u201d<\/em> hvis du f\u00f8r har deltaget i S\u00f8ndagsJam p\u00e5 Klaverfabrikken<\/p>\n<p>Bem\u00e6rk at der denne gang kun er plads til 2 guitarister per gruppe men planen er at supplere med en tredje guitarist fra ventelisten i de grupper hvori der ikke og er keys og bl\u00e6s. S\u00e5 vi anbefaler guitarister at tilmelde sig ventelisten n\u00e5r alle 8 pladser er optaget da vi forventer at f\u00e5 plads for nogle flere guitarister.<\/p>\n<p>&nbsp;<\/p>","protected":false},"excerpt":{"rendered":"<p>Der er desv\u00e6rre ikke flere ledige pladser til den 20. september men man kan med fordel tilmelde sig ventelisten da det ikke er unormalt at der kommer afbud. Scroll ned for at finde tilmeldingsboxen til dit instrument. For at sikre at der er det rette antal af de forskellige instrumenter til at danne 4 grupper, [&hellip;]<\/p>\n","protected":false},"author":1,"featured_media":0,"parent":34,"menu_order":2,"comment_status":"closed","ping_status":"closed","template":"","meta":{"footnotes":""},"class_list":["post-119","page","type-page","status-publish","hentry"],"_links":{"self":[{"href":"https:\/\/orpro.dk\/index.php\/wp-json\/wp\/v2\/pages\/119","targetHints":{"allow":["GET"]}}],"collection":[{"href":"https:\/\/orpro.dk\/index.php\/wp-json\/wp\/v2\/pages"}],"about":[{"href":"https:\/\/orpro.dk\/index.php\/wp-json\/wp\/v2\/types\/page"}],"author":[{"embeddable":true,"href":"https:\/\/orpro.dk\/index.php\/wp-json\/wp\/v2\/users\/1"}],"replies":[{"embeddable":true,"href":"https:\/\/orpro.dk\/index.php\/wp-json\/wp\/v2\/comments?post=119"}],"version-history":[{"count":0,"href":"https:\/\/orpro.dk\/index.php\/wp-json\/wp\/v2\/pages\/119\/revisions"}],"up":[{"embeddable":true,"href":"https:\/\/orpro.dk\/index.php\/wp-json\/wp\/v2\/pages\/34"}],"wp:attachment":[{"href":"https:\/\/orpro.dk\/index.php\/wp-json\/wp\/v2\/media?parent=119"}],"curies":[{"name":"wp","href":"https:\/\/api.w.org\/{rel}","templated":true}]}}