{"id":11,"date":"2018-11-12T13:42:13","date_gmt":"2018-11-12T12:42:13","guid":{"rendered":"http:\/\/sondagsjam.dk\/?page_id=11"},"modified":"2018-11-12T13:42:13","modified_gmt":"2018-11-12T12:42:13","slug":"konceptet","status":"publish","type":"page","link":"https:\/\/orpro.dk\/index.php\/konceptet\/","title":{"rendered":"Konceptet"},"content":{"rendered":"<p><img loading=\"lazy\" decoding=\"async\" width=\"300\" height=\"200\" class=\"alignleft size-medium wp-image-131\" alt=\"\" src=\"http:\/\/sondagsjam.dk\/wp-content\/uploads\/2018\/11\/8B93DA13-3A85-4EEF-8F11-171BC1655D44-300x200.jpeg\">S\u00f8ndagsJam er et musikalsk legerum. Det er ikke vigtigt, om du bruger dit instrument dagligt, eller om det har st\u00e5et og samlet st\u00f8v i nogle \u00e5r. Det afg\u00f8rende er, at du vil ud og m\u00f8de nogle mennesker i dit lokalomr\u00e5de, der interesserer sig for at spille musik.<br \/>\nMusikgenren er som udgangspunkt pop, rock, blues &amp; soul\/funk, og man skal v\u00e6re frisk p\u00e5 at spille lidt af det hele.<br \/>\nDeltagerne bliver p\u00e5 forh\u00e5nd opdelt i grupper afh\u00e6ngig af instrumentsammens\u00e6tning, erfaring og musiksmag, og hver gruppe udv\u00e6lger 4-5 numre, som deltagerne f\u00e5r et par uger til at forberede sig p\u00e5 derhjemme.<br \/>\nP\u00e5 dagen m\u00f8des man kl. 9 til kaffe og ops\u00e6tning af grej, og fra kl.10 \u00f8ver\/jammes der over de valgte numre. Om aftenen sluttes der af med koncert for de andre grupper, samt evt. venner og familie.<br \/>\nMan skal som udgangspunkt medbringe sit eget instrument, forst\u00e6rker, kabler, mikrofon osv. Der er PA anl\u00e6g i \u00f8velokalerne.<br \/>\nFor at sikre at dagen forl\u00f8ber bedst muligt musikalsk, kommer der en professionel banddoktor for hver 2-3 grupper. Banddoktorerne f\u00f8lger grupperne, og kommer med konstruktive kommentarer og ideer.<br \/>\nDer vil v\u00e6re morgenkaffe, frokost, eftermiddagskaffe med kage og aftensmad. Prisen er 300 kr.<br \/>\nHovedparten af de 300 kr.&nbsp;man giver for arrangementet g\u00e5r til banddoktoren, s\u00e5 der er begr\u00e6nsede resurser til forplejning. Det forventes, at alle deltagere hj\u00e6lper lidt til med at l\u00f8se de forskellige opgaver i forbindelse med dagen, f.eks. anretning, kaffebrygning, opstilling til koncerten,&nbsp;oprydning og nedtagning af udstyr.<\/p>\n<p>S\u00f8ndags Jam er arrangeret og drevet af frivillige. Det er ikke meningen at arrangementet skal give overskud, men det skal blot l\u00f8be rundt \u00f8konomisk.<\/p>\n<p>Tilmelding foreg\u00e5r p\u00e5 http:\/\/www.sondagsjam.dk<\/p>\n","protected":false},"excerpt":{"rendered":"<p>S\u00f8ndagsJam er et musikalsk legerum. Det er ikke vigtigt, om du bruger dit instrument dagligt, eller om det har st\u00e5et og samlet st\u00f8v i nogle \u00e5r. Det afg\u00f8rende er, at du vil ud og m\u00f8de nogle mennesker i dit lokalomr\u00e5de, der interesserer sig for at spille musik. Musikgenren er som udgangspunkt pop, rock, blues &amp; [&hellip;]<\/p>\n","protected":false},"author":1,"featured_media":0,"parent":0,"menu_order":2,"comment_status":"closed","ping_status":"closed","template":"","meta":{"footnotes":""},"class_list":["post-11","page","type-page","status-publish","hentry"],"_links":{"self":[{"href":"https:\/\/orpro.dk\/index.php\/wp-json\/wp\/v2\/pages\/11","targetHints":{"allow":["GET"]}}],"collection":[{"href":"https:\/\/orpro.dk\/index.php\/wp-json\/wp\/v2\/pages"}],"about":[{"href":"https:\/\/orpro.dk\/index.php\/wp-json\/wp\/v2\/types\/page"}],"author":[{"embeddable":true,"href":"https:\/\/orpro.dk\/index.php\/wp-json\/wp\/v2\/users\/1"}],"replies":[{"embeddable":true,"href":"https:\/\/orpro.dk\/index.php\/wp-json\/wp\/v2\/comments?post=11"}],"version-history":[{"count":0,"href":"https:\/\/orpro.dk\/index.php\/wp-json\/wp\/v2\/pages\/11\/revisions"}],"wp:attachment":[{"href":"https:\/\/orpro.dk\/index.php\/wp-json\/wp\/v2\/media?parent=11"}],"curies":[{"name":"wp","href":"https:\/\/api.w.org\/{rel}","templated":true}]}}